{"id":8,"date":"2024-12-14T08:57:09","date_gmt":"2024-12-14T07:57:09","guid":{"rendered":"https:\/\/imkerwilli.reigl.at\/?page_id=8"},"modified":"2024-12-16T16:36:49","modified_gmt":"2024-12-16T15:36:49","slug":"meine-imkerei","status":"publish","type":"page","link":"https:\/\/imkerwilli.reigl.at\/index.php\/meine-imkerei\/","title":{"rendered":"Meine Imkerei"},"content":{"rendered":"\t\t<div data-elementor-type=\"wp-page\" data-elementor-id=\"8\" class=\"elementor elementor-8\">\n\t\t\t\t<div class=\"elementor-element elementor-element-3f42414 e-flex e-con-boxed e-con e-parent\" data-id=\"3f42414\" data-element_type=\"container\" data-e-type=\"container\">\n\t\t\t\t\t<div class=\"e-con-inner\">\n\t\t\t\t<div class=\"elementor-element elementor-element-3619835 elementor-widget elementor-widget-text-editor\" data-id=\"3619835\" data-element_type=\"widget\" data-e-type=\"widget\" data-widget_type=\"text-editor.default\">\n\t\t\t\t<div class=\"elementor-widget-container\">\n\t\t\t\t\t\t\t\t\t<p>Mit dem Besuch des <em>\u201aAnf\u00e4ngerkurs in der Bienenzucht\u2018 <\/em>in der Imkerschule, im Donaupark (M\u00e4rz 2004), hat alles begonnen.<br \/>Hier habe ich Marjan kennengelernt, der wiederum die Bienenst\u00f6cke von Hans auf den Steinhofgr\u00fcnden entdeckt hatte. Wir haben Hans kontaktiert &#8230; und so hat unsere Imkerei, unter Obhut und F\u00fchrung von Hans, begonnen.<br \/>Wir sind dem Verein der <em>&#8218;Imkerinnen und Imker Wien-West&#8216;<\/em> beigetreten.<br \/>Ich hatte den Schl\u00fcssel zur Imkerwerkstatt von Hans und durfte dort jederzeit arbeiten. Hans hat mich angespornt, mich zum Imkerfacharbeiter und Imkermeister\u00a0 ausbilden zu lassen. Zusammen sind wir mit den Bienen <em>&#8218;gewandert&#8216;<\/em>. Ich habe mit dem Verkauf meiner Bienenprodukte, auf diversen M\u00e4rkten und in <em>&#8218;Pensionistenheimen&#8216;<\/em>, begonnen. Schon bald habe ich mich im Verein, als Kassier, eingebracht. Bin in den Vorstand des<em> &#8218;Landesverband f\u00fcr Bienenzucht in Wien&#8216;<\/em>, als Schriftf\u00fchrer, aufgenommen worden. Habe f\u00fcr den Verein und den Landesverband die Websites gestaltet und gef\u00fchrt. Und, und, und &#8230;.. <br \/>Von 2004 bis 2019 voll ausgelastet mit der Imkerei. Eine sch\u00f6ne Zeit, welche ich nie vergessen werde.<br \/>Mit Hans verbindet mich noch heute eine tiefe Freundschaft &#8230;..<em> Lieber Hans, Danke f\u00fcr alles.<\/em><\/p>\t\t\t\t\t\t\t\t<\/div>\n\t\t\t\t<\/div>\n\t\t\t\t\t<\/div>\n\t\t\t\t<\/div>\n\t\t<div class=\"elementor-element elementor-element-37f31dc e-flex e-con-boxed e-con e-parent\" data-id=\"37f31dc\" data-element_type=\"container\" data-e-type=\"container\">\n\t\t\t\t\t<div class=\"e-con-inner\">\n\t\t\t\t<div class=\"elementor-element elementor-element-367e653 elementor-widget elementor-widget-text-editor\" data-id=\"367e653\" data-element_type=\"widget\" data-e-type=\"widget\" data-widget_type=\"text-editor.default\">\n\t\t\t\t<div class=\"elementor-widget-container\">\n\t\t\t\t\t\t\t\t\t<h6>Meine Erkenntnis aus dieser Zeit:<\/h6><p>Du hast Interesse an der Imkerei? Du willst mit der Imkerei beginnen?<\/p><p><span style=\"text-decoration: underline;\">Folgendes ist meiner Meinung nach unbedingt zu beachten:<\/span><\/p><ul><li>Die Imkerei beansprucht sehr viel Zeit.<\/li><li>Du musst zu den Bienen, wann diese dich brauchen und nicht, wann du Zeit hast.<\/li><li>Je besser die Ausbildung, um so gr\u00f6\u00dfer der Erfolg.<\/li><li>Ich empfehle den Beitritt in einen <em>&#8218;Bienenzuchtverein&#8216;<\/em> &#8211; hier findest du Hilfe von erfahrenen Imkerkollegen. Nur dadurch erh\u00e4ltst du auch F\u00f6rderungen vom<em> &#8218;Landesverband&#8216;.<br \/><\/em>Im Internet kursiert sehr viel <em>&#8218;Nonsens&#8216;<\/em>.<\/li><\/ul>\t\t\t\t\t\t\t\t<\/div>\n\t\t\t\t<\/div>\n\t\t\t\t\t<\/div>\n\t\t\t\t<\/div>\n\t\t<div class=\"elementor-element elementor-element-23d4eaa e-flex e-con-boxed e-con e-parent\" data-id=\"23d4eaa\" data-element_type=\"container\" data-e-type=\"container\">\n\t\t\t\t\t<div class=\"e-con-inner\">\n\t\t\t\t<div class=\"elementor-element elementor-element-0fa0f37 elementor-widget elementor-widget-text-editor\" data-id=\"0fa0f37\" data-element_type=\"widget\" data-e-type=\"widget\" data-widget_type=\"text-editor.default\">\n\t\t\t\t<div class=\"elementor-widget-container\">\n\t\t\t\t\t\t\t\t\t<h6>Bilder AUS 2004 &#8211; Beginn meiner Imkerei<\/h6>\t\t\t\t\t\t\t\t<\/div>\n\t\t\t\t<\/div>\n\t\t\t\t\t<\/div>\n\t\t\t\t<\/div>\n\t\t<div class=\"elementor-element elementor-element-b1026e6 e-flex e-con-boxed e-con e-parent\" data-id=\"b1026e6\" data-element_type=\"container\" data-e-type=\"container\">\n\t\t\t\t\t<div class=\"e-con-inner\">\n\t\t\t\t<div class=\"elementor-element elementor-element-7a73f21 elementor-widget elementor-widget-shortcode\" data-id=\"7a73f21\" data-element_type=\"widget\" data-e-type=\"widget\" data-widget_type=\"shortcode.default\">\n\t\t\t\t<div class=\"elementor-widget-container\">\n\t\t\t\t\t\t\t<div class=\"elementor-shortcode\"><div class=\"rl-gallery-container rl-loading\" id=\"rl-gallery-container-1\" data-gallery_id=\"314\"> <div class=\"rl-gallery rl-basicgrid-gallery \" id=\"rl-gallery-1\" data-gallery_no=\"1\"> <div class=\"rl-gallery-item\"><a href=\"https:\/\/imkerwilli.reigl.at\/wp-content\/uploads\/2024\/12\/01_steinhof1.jpg\" title=\"Steinhofgr\u00fcnde &#8211; April 2004\" data-rl_title=\"Steinhofgr\u00fcnde &#8211; April 2004\" class=\"rl-gallery-link\" data-rl_caption=\"\" data-rel=\"lightbox-gallery-1\"><img fetchpriority=\"high\" decoding=\"async\" src=\"https:\/\/imkerwilli.reigl.at\/wp-content\/uploads\/2024\/12\/01_steinhof1.jpg\" width=\"600\" height=\"800\" alt=\"Steinhofgr\u00fcnde - April 2004\" \/><span class=\"rl-gallery-caption\"><span class=\"rl-gallery-item-title\">Steinhofgr\u00fcnde &#8211; April 2004<\/span><\/span><\/a><\/div><div class=\"rl-gallery-item\"><a href=\"https:\/\/imkerwilli.reigl.at\/wp-content\/uploads\/2024\/12\/02_steinhof2.jpg\" title=\"Imkerstandort gesichtet\" data-rl_title=\"Imkerstandort gesichtet\" class=\"rl-gallery-link\" data-rl_caption=\"\" data-rel=\"lightbox-gallery-1\"><img decoding=\"async\" src=\"https:\/\/imkerwilli.reigl.at\/wp-content\/uploads\/2024\/12\/02_steinhof2.jpg\" width=\"777\" height=\"583\" alt=\"Imkerstandort gesichtet\" \/><span class=\"rl-gallery-caption\"><span class=\"rl-gallery-item-title\">Imkerstandort gesichtet<\/span><\/span><\/a><\/div><div class=\"rl-gallery-item\"><a href=\"https:\/\/imkerwilli.reigl.at\/wp-content\/uploads\/2024\/12\/02a_steinhof6.jpg\" title=\"Hier steht ein Imker\" data-rl_title=\"Hier steht ein Imker\" class=\"rl-gallery-link\" data-rl_caption=\"\" data-rel=\"lightbox-gallery-1\"><img decoding=\"async\" src=\"https:\/\/imkerwilli.reigl.at\/wp-content\/uploads\/2024\/12\/02a_steinhof6.jpg\" width=\"777\" height=\"583\" alt=\"Hier steht ein Imker\" \/><span class=\"rl-gallery-caption\"><span class=\"rl-gallery-item-title\">Hier steht ein Imker<\/span><\/span><\/a><\/div><div class=\"rl-gallery-item\"><a href=\"https:\/\/imkerwilli.reigl.at\/wp-content\/uploads\/2024\/12\/03_steinhof3.jpg\" title=\"Hans &#8211; so haben wir ihn gefunden\" data-rl_title=\"Hans &#8211; so haben wir ihn gefunden\" class=\"rl-gallery-link\" data-rl_caption=\"\" data-rel=\"lightbox-gallery-1\"><img loading=\"lazy\" decoding=\"async\" src=\"https:\/\/imkerwilli.reigl.at\/wp-content\/uploads\/2024\/12\/03_steinhof3.jpg\" width=\"777\" height=\"583\" alt=\"Hans - so haben wir ihn gefunden\" \/><span class=\"rl-gallery-caption\"><span class=\"rl-gallery-item-title\">Hans &#8211; so haben wir ihn gefunden<\/span><\/span><\/a><\/div><div class=\"rl-gallery-item\"><a href=\"https:\/\/imkerwilli.reigl.at\/wp-content\/uploads\/2024\/12\/04_Leopoldau16_120504.jpg\" title=\"Garten Hans, Leopoldau Mai 2004\" data-rl_title=\"Garten Hans, Leopoldau Mai 2004\" class=\"rl-gallery-link\" data-rl_caption=\"\" data-rel=\"lightbox-gallery-1\"><img loading=\"lazy\" decoding=\"async\" src=\"https:\/\/imkerwilli.reigl.at\/wp-content\/uploads\/2024\/12\/04_Leopoldau16_120504.jpg\" width=\"777\" height=\"583\" alt=\"Garten Hans, Leopoldau Mai 2004\" \/><span class=\"rl-gallery-caption\"><span class=\"rl-gallery-item-title\">Garten Hans, Leopoldau Mai 2004<\/span><\/span><\/a><\/div><div class=\"rl-gallery-item\"><a href=\"https:\/\/imkerwilli.reigl.at\/wp-content\/uploads\/2024\/12\/05_Leopoldau14_120504.jpg\" title=\"Vorbereitungsarbeiten in Leopoldau\" data-rl_title=\"Vorbereitungsarbeiten in Leopoldau\" class=\"rl-gallery-link\" data-rl_caption=\"\" data-rel=\"lightbox-gallery-1\"><img loading=\"lazy\" decoding=\"async\" src=\"https:\/\/imkerwilli.reigl.at\/wp-content\/uploads\/2024\/12\/05_Leopoldau14_120504.jpg\" width=\"600\" height=\"800\" alt=\"Vorbereitungsarbeiten in Leopoldau\" \/><span class=\"rl-gallery-caption\"><span class=\"rl-gallery-item-title\">Vorbereitungsarbeiten in Leopoldau<\/span><\/span><\/a><\/div><div class=\"rl-gallery-item\"><a href=\"https:\/\/imkerwilli.reigl.at\/wp-content\/uploads\/2024\/12\/06_Leopoldau13_120504.jpg\" title=\"Streichen meiner Bienenst\u00f6cke\" data-rl_title=\"Streichen meiner Bienenst\u00f6cke\" class=\"rl-gallery-link\" data-rl_caption=\"\" data-rel=\"lightbox-gallery-1\"><img loading=\"lazy\" decoding=\"async\" src=\"https:\/\/imkerwilli.reigl.at\/wp-content\/uploads\/2024\/12\/06_Leopoldau13_120504.jpg\" width=\"777\" height=\"583\" alt=\"Streichen meiner Bienenst\u00f6cke\" \/><span class=\"rl-gallery-caption\"><span class=\"rl-gallery-item-title\">Streichen meiner Bienenst\u00f6cke<\/span><\/span><\/a><\/div><div class=\"rl-gallery-item\"><a href=\"https:\/\/imkerwilli.reigl.at\/wp-content\/uploads\/2024\/12\/07_Leopoldau21_120504.jpg\" title=\"Streichen meiner Bienenst\u00f6cke\" data-rl_title=\"Streichen meiner Bienenst\u00f6cke\" class=\"rl-gallery-link\" data-rl_caption=\"\" data-rel=\"lightbox-gallery-1\"><img loading=\"lazy\" decoding=\"async\" src=\"https:\/\/imkerwilli.reigl.at\/wp-content\/uploads\/2024\/12\/07_Leopoldau21_120504.jpg\" width=\"777\" height=\"583\" alt=\"Streichen meiner Bienenst\u00f6cke\" \/><span class=\"rl-gallery-caption\"><span class=\"rl-gallery-item-title\">Streichen meiner Bienenst\u00f6cke<\/span><\/span><\/a><\/div><div class=\"rl-gallery-item\"><a href=\"https:\/\/imkerwilli.reigl.at\/wp-content\/uploads\/2024\/12\/08_Diverse02.jpg\" title=\"Marjan &#8211; Mai 2004\" data-rl_title=\"Marjan &#8211; Mai 2004\" class=\"rl-gallery-link\" data-rl_caption=\"\" data-rel=\"lightbox-gallery-1\"><img loading=\"lazy\" decoding=\"async\" src=\"https:\/\/imkerwilli.reigl.at\/wp-content\/uploads\/2024\/12\/08_Diverse02.jpg\" width=\"600\" height=\"800\" alt=\"Marjan - Mai 2004\" \/><span class=\"rl-gallery-caption\"><span class=\"rl-gallery-item-title\">Marjan &#8211; Mai 2004<\/span><\/span><\/a><\/div><div class=\"rl-gallery-item\"><a href=\"https:\/\/imkerwilli.reigl.at\/wp-content\/uploads\/2024\/12\/08a_Schwarm03.jpg\" title=\"Meine Kehrschw\u00e4rme &#8211; Leopoldau\" data-rl_title=\"Meine Kehrschw\u00e4rme &#8211; Leopoldau\" class=\"rl-gallery-link\" data-rl_caption=\"\" data-rel=\"lightbox-gallery-1\"><img loading=\"lazy\" decoding=\"async\" src=\"https:\/\/imkerwilli.reigl.at\/wp-content\/uploads\/2024\/12\/08a_Schwarm03.jpg\" width=\"777\" height=\"583\" alt=\"Meine Kehrschw\u00e4rme - Leopoldau\" \/><span class=\"rl-gallery-caption\"><span class=\"rl-gallery-item-title\">Meine Kehrschw\u00e4rme &#8211; Leopoldau<\/span><\/span><\/a><\/div><div class=\"rl-gallery-item\"><a href=\"https:\/\/imkerwilli.reigl.at\/wp-content\/uploads\/2024\/12\/09_Diverse12.jpg\" title=\"Einfangen Bienenschwarm &#8211; Mai 2004\" data-rl_title=\"Einfangen Bienenschwarm &#8211; Mai 2004\" class=\"rl-gallery-link\" data-rl_caption=\"\" data-rel=\"lightbox-gallery-1\"><img loading=\"lazy\" decoding=\"async\" src=\"https:\/\/imkerwilli.reigl.at\/wp-content\/uploads\/2024\/12\/09_Diverse12.jpg\" width=\"600\" height=\"800\" alt=\"Einfangen Bienenschwarm - Mai 2004\" \/><span class=\"rl-gallery-caption\"><span class=\"rl-gallery-item-title\">Einfangen Bienenschwarm &#8211; Mai 2004<\/span><\/span><\/a><\/div><div class=\"rl-gallery-item\"><a href=\"https:\/\/imkerwilli.reigl.at\/wp-content\/uploads\/2024\/12\/10_Diverse15.jpg\" title=\"Nachbar, Marjan, Hans &#8211; Mai 2004\" data-rl_title=\"Nachbar, Marjan, Hans &#8211; Mai 2004\" class=\"rl-gallery-link\" data-rl_caption=\"\" data-rel=\"lightbox-gallery-1\"><img loading=\"lazy\" decoding=\"async\" src=\"https:\/\/imkerwilli.reigl.at\/wp-content\/uploads\/2024\/12\/10_Diverse15.jpg\" width=\"777\" height=\"583\" alt=\"Nachbar, Marjan, Hans - Mai 2004\" \/><span class=\"rl-gallery-caption\"><span class=\"rl-gallery-item-title\">Nachbar, Marjan, Hans &#8211; Mai 2004<\/span><\/span><\/a><\/div><div class=\"rl-gallery-item\"><a href=\"https:\/\/imkerwilli.reigl.at\/wp-content\/uploads\/2024\/12\/10a_Endgueltig10.jpg\" title=\"Bienenstandort Steinhof &#8211; Juni 2004\" data-rl_title=\"Bienenstandort Steinhof &#8211; Juni 2004\" class=\"rl-gallery-link\" data-rl_caption=\"\" data-rel=\"lightbox-gallery-1\"><img loading=\"lazy\" decoding=\"async\" src=\"https:\/\/imkerwilli.reigl.at\/wp-content\/uploads\/2024\/12\/10a_Endgueltig10.jpg\" width=\"777\" height=\"583\" alt=\"Bienenstandort Steinhof - Juni 2004\" \/><span class=\"rl-gallery-caption\"><span class=\"rl-gallery-item-title\">Bienenstandort Steinhof &#8211; Juni 2004<\/span><\/span><\/a><\/div><div class=\"rl-gallery-item\"><a href=\"https:\/\/imkerwilli.reigl.at\/wp-content\/uploads\/2024\/12\/10b_Endgueltig07.jpg\" title=\"Bienenstandort Steinhof &#8211; Juni 2004\" data-rl_title=\"Bienenstandort Steinhof &#8211; Juni 2004\" class=\"rl-gallery-link\" data-rl_caption=\"\" data-rel=\"lightbox-gallery-1\"><img loading=\"lazy\" decoding=\"async\" src=\"https:\/\/imkerwilli.reigl.at\/wp-content\/uploads\/2024\/12\/10b_Endgueltig07.jpg\" width=\"777\" height=\"583\" alt=\"Bienenstandort Steinhof - Juni 2004\" \/><span class=\"rl-gallery-caption\"><span class=\"rl-gallery-item-title\">Bienenstandort Steinhof &#8211; Juni 2004<\/span><\/span><\/a><\/div><div class=\"rl-gallery-item\"><a href=\"https:\/\/imkerwilli.reigl.at\/wp-content\/uploads\/2024\/12\/11_Endgueltig04.jpg\" title=\"Meine ersten Bienenst\u00f6cke auf Steinhof\" data-rl_title=\"Meine ersten Bienenst\u00f6cke auf Steinhof\" class=\"rl-gallery-link\" data-rl_caption=\"\" data-rel=\"lightbox-gallery-1\"><img loading=\"lazy\" decoding=\"async\" src=\"https:\/\/imkerwilli.reigl.at\/wp-content\/uploads\/2024\/12\/11_Endgueltig04.jpg\" width=\"777\" height=\"583\" alt=\"Meine ersten Bienenst\u00f6cke auf Steinhof\" \/><span class=\"rl-gallery-caption\"><span class=\"rl-gallery-item-title\">Meine ersten Bienenst\u00f6cke auf Steinhof<\/span><\/span><\/a><\/div><div class=\"rl-gallery-item\"><a href=\"https:\/\/imkerwilli.reigl.at\/wp-content\/uploads\/2024\/12\/12_Bienenstich_02.jpg\" title=\"Mein erster Bienenstich &#8211; Juni 2004\" data-rl_title=\"Mein erster Bienenstich &#8211; Juni 2004\" class=\"rl-gallery-link\" data-rl_caption=\"\" data-rel=\"lightbox-gallery-1\"><img loading=\"lazy\" decoding=\"async\" src=\"https:\/\/imkerwilli.reigl.at\/wp-content\/uploads\/2024\/12\/12_Bienenstich_02.jpg\" width=\"600\" height=\"800\" alt=\"Mein erster Bienenstich - Juni 2004\" \/><span class=\"rl-gallery-caption\"><span class=\"rl-gallery-item-title\">Mein erster Bienenstich &#8211; Juni 2004<\/span><\/span><\/a><\/div><div class=\"rl-gallery-item\"><a href=\"https:\/\/imkerwilli.reigl.at\/wp-content\/uploads\/2024\/12\/13_Bienenstich_03.jpg\" title=\"Mein erster Bienenstich &#8211; Juni 2004\" data-rl_title=\"Mein erster Bienenstich &#8211; Juni 2004\" class=\"rl-gallery-link\" data-rl_caption=\"\" data-rel=\"lightbox-gallery-1\"><img loading=\"lazy\" decoding=\"async\" src=\"https:\/\/imkerwilli.reigl.at\/wp-content\/uploads\/2024\/12\/13_Bienenstich_03.jpg\" width=\"600\" height=\"800\" alt=\"Mein erster Bienenstich - Juni 2004\" \/><span class=\"rl-gallery-caption\"><span class=\"rl-gallery-item-title\">Mein erster Bienenstich &#8211; Juni 2004<\/span><\/span><\/a><\/div><div class=\"rl-gallery-item\"><a href=\"https:\/\/imkerwilli.reigl.at\/wp-content\/uploads\/2024\/12\/14_Honig02_0704.jpg\" title=\"Juli 2004 &#8211; Mein erster Honig\" data-rl_title=\"Juli 2004 &#8211; Mein erster Honig\" class=\"rl-gallery-link\" data-rl_caption=\"\" data-rel=\"lightbox-gallery-1\"><img loading=\"lazy\" decoding=\"async\" src=\"https:\/\/imkerwilli.reigl.at\/wp-content\/uploads\/2024\/12\/14_Honig02_0704.jpg\" width=\"600\" height=\"800\" alt=\"Juli 2004 - Mein erster Honig\" \/><span class=\"rl-gallery-caption\"><span class=\"rl-gallery-item-title\">Juli 2004 &#8211; Mein erster Honig<\/span><\/span><\/a><\/div><div class=\"rl-gallery-item\"><a href=\"https:\/\/imkerwilli.reigl.at\/wp-content\/uploads\/2024\/12\/15_steinhof06_1204.jpg\" title=\"Steinhof &#8211; 31.12.2004\" data-rl_title=\"Steinhof &#8211; 31.12.2004\" class=\"rl-gallery-link\" data-rl_caption=\"\" data-rel=\"lightbox-gallery-1\"><img loading=\"lazy\" decoding=\"async\" src=\"https:\/\/imkerwilli.reigl.at\/wp-content\/uploads\/2024\/12\/15_steinhof06_1204.jpg\" width=\"777\" height=\"583\" alt=\"Steinhof - 31.12.2004\" \/><span class=\"rl-gallery-caption\"><span class=\"rl-gallery-item-title\">Steinhof &#8211; 31.12.2004<\/span><\/span><\/a><\/div><div class=\"rl-gallery-item\"><a href=\"https:\/\/imkerwilli.reigl.at\/wp-content\/uploads\/2024\/12\/16_steinhof08_1204.jpg\" title=\"Steinhof &#8211; 31.12.2004\" data-rl_title=\"Steinhof &#8211; 31.12.2004\" class=\"rl-gallery-link\" data-rl_caption=\"\" data-rel=\"lightbox-gallery-1\"><img loading=\"lazy\" decoding=\"async\" src=\"https:\/\/imkerwilli.reigl.at\/wp-content\/uploads\/2024\/12\/16_steinhof08_1204.jpg\" width=\"777\" height=\"583\" alt=\"Steinhof - 31.12.2004\" \/><span class=\"rl-gallery-caption\"><span class=\"rl-gallery-item-title\">Steinhof &#8211; 31.12.2004<\/span><\/span><\/a><\/div><div class=\"rl-gallery-item\"><a href=\"https:\/\/imkerwilli.reigl.at\/wp-content\/uploads\/2024\/12\/16a_steinhof15_1204.jpg\" title=\"Bienenbehandlung &#8211; 31.12.2004\" data-rl_title=\"Bienenbehandlung &#8211; 31.12.2004\" class=\"rl-gallery-link\" data-rl_caption=\"\" data-rel=\"lightbox-gallery-1\"><img loading=\"lazy\" decoding=\"async\" src=\"https:\/\/imkerwilli.reigl.at\/wp-content\/uploads\/2024\/12\/16a_steinhof15_1204.jpg\" width=\"777\" height=\"583\" alt=\"Bienenbehandlung - 31.12.2004\" \/><span class=\"rl-gallery-caption\"><span class=\"rl-gallery-item-title\">Bienenbehandlung &#8211; 31.12.2004<\/span><\/span><\/a><\/div><div class=\"rl-gallery-item\"><a href=\"https:\/\/imkerwilli.reigl.at\/wp-content\/uploads\/2024\/12\/17_steinhof05_1204.jpg\" title=\"Steinhof &#8211; 31.12.2004\" data-rl_title=\"Steinhof &#8211; 31.12.2004\" class=\"rl-gallery-link\" data-rl_caption=\"\" data-rel=\"lightbox-gallery-1\"><img loading=\"lazy\" decoding=\"async\" src=\"https:\/\/imkerwilli.reigl.at\/wp-content\/uploads\/2024\/12\/17_steinhof05_1204.jpg\" width=\"777\" height=\"583\" alt=\"Steinhof - 31.12.2004\" \/><span class=\"rl-gallery-caption\"><span class=\"rl-gallery-item-title\">Steinhof &#8211; 31.12.2004<\/span><\/span><\/a><\/div><div class=\"rl-gallery-item\"><a href=\"https:\/\/imkerwilli.reigl.at\/wp-content\/uploads\/2024\/12\/17a_steinhof09_1204.jpg\" title=\"Steinhof &#8211; 31.12.2004\" data-rl_title=\"Steinhof &#8211; 31.12.2004\" class=\"rl-gallery-link\" data-rl_caption=\"\" data-rel=\"lightbox-gallery-1\"><img loading=\"lazy\" decoding=\"async\" src=\"https:\/\/imkerwilli.reigl.at\/wp-content\/uploads\/2024\/12\/17a_steinhof09_1204.jpg\" width=\"777\" height=\"583\" alt=\"Steinhof - 31.12.2004\" \/><span class=\"rl-gallery-caption\"><span class=\"rl-gallery-item-title\">Steinhof &#8211; 31.12.2004<\/span><\/span><\/a><\/div><div class=\"rl-gallery-item\"><a href=\"https:\/\/imkerwilli.reigl.at\/wp-content\/uploads\/2024\/12\/18_steinhof07_1204.jpg\" title=\"Steinhof &#8211; 31.12.2004\" data-rl_title=\"Steinhof &#8211; 31.12.2004\" class=\"rl-gallery-link\" data-rl_caption=\"\" data-rel=\"lightbox-gallery-1\"><img loading=\"lazy\" decoding=\"async\" src=\"https:\/\/imkerwilli.reigl.at\/wp-content\/uploads\/2024\/12\/18_steinhof07_1204.jpg\" width=\"777\" height=\"583\" alt=\"Steinhof - 31.12.2004\" \/><span class=\"rl-gallery-caption\"><span class=\"rl-gallery-item-title\">Steinhof &#8211; 31.12.2004<\/span><\/span><\/a><\/div><div class=\"rl-gallery-item\"><a href=\"https:\/\/imkerwilli.reigl.at\/wp-content\/uploads\/2024\/12\/19_steinhof_260205.jpg\" title=\"Steinhof &#8211; Februar 2005\" data-rl_title=\"Steinhof &#8211; Februar 2005\" class=\"rl-gallery-link\" data-rl_caption=\"\" data-rel=\"lightbox-gallery-1\"><img loading=\"lazy\" decoding=\"async\" src=\"https:\/\/imkerwilli.reigl.at\/wp-content\/uploads\/2024\/12\/19_steinhof_260205.jpg\" width=\"777\" height=\"583\" alt=\"Steinhof - Februar 2005\" \/><span class=\"rl-gallery-caption\"><span class=\"rl-gallery-item-title\">Steinhof &#8211; Februar 2005<\/span><\/span><\/a><\/div> <\/div> <\/div><\/div>\n\t\t\t\t\t\t<\/div>\n\t\t\t\t<\/div>\n\t\t\t\t\t<\/div>\n\t\t\t\t<\/div>\n\t\t\t\t<\/div>\n\t\t","protected":false},"excerpt":{"rendered":"<p>Mit dem Besuch des \u201aAnf\u00e4ngerkurs in der Bienenzucht\u2018 in der Imkerschule, im Donaupark (M\u00e4rz 2004), hat alles begonnen.Hier habe ich Marjan kennengelernt, der wiederum die Bienenst\u00f6cke von Hans auf den Steinhofgr\u00fcnden entdeckt hatte. Wir haben Hans kontaktiert &#8230; und so hat unsere Imkerei, unter Obhut und F\u00fchrung von Hans, begonnen.Wir &hellip;<\/p>\n","protected":false},"author":1,"featured_media":0,"parent":0,"menu_order":0,"comment_status":"closed","ping_status":"closed","template":"","meta":{"footnotes":""},"class_list":["post-8","page","type-page","status-publish","hentry"],"_links":{"self":[{"href":"https:\/\/imkerwilli.reigl.at\/index.php\/wp-json\/wp\/v2\/pages\/8","targetHints":{"allow":["GET"]}}],"collection":[{"href":"https:\/\/imkerwilli.reigl.at\/index.php\/wp-json\/wp\/v2\/pages"}],"about":[{"href":"https:\/\/imkerwilli.reigl.at\/index.php\/wp-json\/wp\/v2\/types\/page"}],"author":[{"embeddable":true,"href":"https:\/\/imkerwilli.reigl.at\/index.php\/wp-json\/wp\/v2\/users\/1"}],"replies":[{"embeddable":true,"href":"https:\/\/imkerwilli.reigl.at\/index.php\/wp-json\/wp\/v2\/comments?post=8"}],"version-history":[{"count":40,"href":"https:\/\/imkerwilli.reigl.at\/index.php\/wp-json\/wp\/v2\/pages\/8\/revisions"}],"predecessor-version":[{"id":346,"href":"https:\/\/imkerwilli.reigl.at\/index.php\/wp-json\/wp\/v2\/pages\/8\/revisions\/346"}],"wp:attachment":[{"href":"https:\/\/imkerwilli.reigl.at\/index.php\/wp-json\/wp\/v2\/media?parent=8"}],"curies":[{"name":"wp","href":"https:\/\/api.w.org\/{rel}","templated":true}]}}