{"id":6,"date":"2024-12-14T08:56:49","date_gmt":"2024-12-14T07:56:49","guid":{"rendered":"https:\/\/imkerwilli.reigl.at\/?page_id=6"},"modified":"2026-04-13T09:00:39","modified_gmt":"2026-04-13T07:00:39","slug":"ueber-mich","status":"publish","type":"page","link":"https:\/\/imkerwilli.reigl.at\/index.php\/ueber-mich\/","title":{"rendered":"\u00dcber mich"},"content":{"rendered":"\t\t<div data-elementor-type=\"wp-page\" data-elementor-id=\"6\" class=\"elementor elementor-6\">\n\t\t\t\t<div class=\"elementor-element elementor-element-246f6a3 e-flex e-con-boxed e-con e-parent\" data-id=\"246f6a3\" data-element_type=\"container\" data-e-type=\"container\">\n\t\t\t\t\t<div class=\"e-con-inner\">\n\t\t\t\t<div class=\"elementor-element elementor-element-51b624f elementor-widget elementor-widget-text-editor\" data-id=\"51b624f\" data-element_type=\"widget\" data-e-type=\"widget\" data-widget_type=\"text-editor.default\">\n\t\t\t\t<div class=\"elementor-widget-container\">\n\t\t\t\t\t\t\t\t\t<p>Soferne man mich noch nicht kennt, m\u00f6chte ich mich nachfolgend, mit ein paar Worten vorstellen.<br \/>Geboren 1949 in Klagenfurt, K\u00e4rnten. Noch vor Besuch der Volksschule ist unsere Familie wieder nach Wien gezogen. Hier habe ich die Volks-, sowie Realschule, mit Abschluss Matura, absolviert.<br \/>In meinem Berufsleben war ich in f\u00fcnf Firmen, jeweils als<em> &#8218;Kfm. Leiter&#8216;<\/em> besch\u00e4ftigt.<br \/><em>&#8218;Der Bien&#8216;<\/em> hat schon sehr fr\u00fch mein Interesse geweckt und ich habe etliche Vortr\u00e4ge dar\u00fcber besucht, aber ich hatte noch nicht gen\u00fcgend Zeit, um mich mit der Imkerei zu besch\u00e4ftigen.<br \/>Erst in den letzten Jahren, vor meiner Pensionierung, habe ich damit begonnen, mich intensiv mit der Imkerei zu besch\u00e4ftigen.<br \/>Im M\u00e4rz 2004, mit einem<em> &#8218;Anf\u00e4ngerkurs in der Bienenzucht&#8216;<\/em>, im Donaupark hat alles seinen Anfang genommen&#8230;.<\/p>\t\t\t\t\t\t\t\t<\/div>\n\t\t\t\t<\/div>\n\t\t\t\t\t<\/div>\n\t\t\t\t<\/div>\n\t\t<div class=\"elementor-element elementor-element-47bbf51 e-flex e-con-boxed e-con e-parent\" data-id=\"47bbf51\" data-element_type=\"container\" data-e-type=\"container\">\n\t\t\t\t\t<div class=\"e-con-inner\">\n\t\t<div class=\"elementor-element elementor-element-8fd4f34 e-con-full e-flex e-con e-child\" data-id=\"8fd4f34\" data-element_type=\"container\" data-e-type=\"container\">\n\t\t\t\t<\/div>\n\t\t<div class=\"elementor-element elementor-element-de55880 e-con-full e-flex e-con e-child\" data-id=\"de55880\" data-element_type=\"container\" data-e-type=\"container\">\n\t\t\t\t<div class=\"elementor-element elementor-element-47daaa7 elementor-widget elementor-widget-image\" data-id=\"47daaa7\" data-element_type=\"widget\" data-e-type=\"widget\" data-widget_type=\"image.default\">\n\t\t\t\t<div class=\"elementor-widget-container\">\n\t\t\t\t\t\t\t\t\t\t\t\t\t\t\t\t<a href=\"https:\/\/imkerwilli.reigl.at\/wp-content\/uploads\/2024\/12\/willi_zeitleiste.jpg\" data-elementor-open-lightbox=\"yes\" data-elementor-lightbox-description=\"jung ... alt ... \u00e4lter\" data-e-action-hash=\"#elementor-action%3Aaction%3Dlightbox%26settings%3DeyJpZCI6MjU5LCJ1cmwiOiJodHRwczpcL1wvaW1rZXJ3aWxsaS5yZWlnbC5hdFwvd3AtY29udGVudFwvdXBsb2Fkc1wvMjAyNFwvMTJcL3dpbGxpX3plaXRsZWlzdGUuanBnIn0%3D\">\n\t\t\t\t\t\t\t<img fetchpriority=\"high\" decoding=\"async\" width=\"777\" height=\"326\" src=\"https:\/\/imkerwilli.reigl.at\/wp-content\/uploads\/2024\/12\/willi_zeitleiste-1024x430.jpg\" class=\"attachment-large size-large wp-image-259\" alt=\"jung ... alt ... \u00e4lter\" srcset=\"https:\/\/imkerwilli.reigl.at\/wp-content\/uploads\/2024\/12\/willi_zeitleiste-1024x430.jpg 1024w, https:\/\/imkerwilli.reigl.at\/wp-content\/uploads\/2024\/12\/willi_zeitleiste-300x126.jpg 300w, https:\/\/imkerwilli.reigl.at\/wp-content\/uploads\/2024\/12\/willi_zeitleiste-768x322.jpg 768w, https:\/\/imkerwilli.reigl.at\/wp-content\/uploads\/2024\/12\/willi_zeitleiste-458x192.jpg 458w, https:\/\/imkerwilli.reigl.at\/wp-content\/uploads\/2024\/12\/willi_zeitleiste.jpg 1430w\" sizes=\"(max-width: 777px) 100vw, 777px\" \/>\t\t\t\t\t\t\t\t<\/a>\n\t\t\t\t\t\t\t\t\t\t\t\t\t\t\t<\/div>\n\t\t\t\t<\/div>\n\t\t\t\t<\/div>\n\t\t<div class=\"elementor-element elementor-element-f5d1a4a e-con-full e-flex e-con e-child\" data-id=\"f5d1a4a\" data-element_type=\"container\" data-e-type=\"container\">\n\t\t\t\t<\/div>\n\t\t\t\t\t<\/div>\n\t\t\t\t<\/div>\n\t\t<div class=\"elementor-element elementor-element-c24695a e-flex e-con-boxed e-con e-parent\" data-id=\"c24695a\" data-element_type=\"container\" data-e-type=\"container\">\n\t\t\t\t\t<div class=\"e-con-inner\">\n\t\t\t\t<div class=\"elementor-element elementor-element-e0e31cd elementor-widget elementor-widget-text-editor\" data-id=\"e0e31cd\" data-element_type=\"widget\" data-e-type=\"widget\" data-widget_type=\"text-editor.default\">\n\t\t\t\t<div class=\"elementor-widget-container\">\n\t\t\t\t\t\t\t\t\t<h3>Meine weiteren Websites<\/h3>\t\t\t\t\t\t\t\t<\/div>\n\t\t\t\t<\/div>\n\t\t\t\t\t<\/div>\n\t\t\t\t<\/div>\n\t\t<div class=\"elementor-element elementor-element-54f3872 e-flex e-con-boxed e-con e-parent\" data-id=\"54f3872\" data-element_type=\"container\" data-e-type=\"container\">\n\t\t\t\t\t<div class=\"e-con-inner\">\n\t\t\t\t<div class=\"elementor-element elementor-element-b4e090d elementor-widget elementor-widget-text-editor\" data-id=\"b4e090d\" data-element_type=\"widget\" data-e-type=\"widget\" data-widget_type=\"text-editor.default\">\n\t\t\t\t<div class=\"elementor-widget-container\">\n\t\t\t\t\t\t\t\t\t<ul><li><a href=\"https:\/\/www.reigl.at\/\" target=\"_blank\" rel=\"noopener\">willi go on (ab 2024)<\/a><\/li><li><a href=\"https:\/\/willisausstellungstrips.reigl.at\/\" target=\"_blank\" rel=\"noopener\">willi&#8217;s ausstellungstrips<\/a><\/li><li><a href=\"https:\/\/williaufschiene.reigl.at\/\" target=\"_blank\" rel=\"noopener\">willi auf schiene<\/a><\/li><li><a href=\"https:\/\/williunterwegs.reigl.at\/\" target=\"_blank\" rel=\"noopener\">willi unterwegs &#8211; BEENDET<\/a><\/li><\/ul>\t\t\t\t\t\t\t\t<\/div>\n\t\t\t\t<\/div>\n\t\t\t\t\t<\/div>\n\t\t\t\t<\/div>\n\t\t\t\t<\/div>\n\t\t","protected":false},"excerpt":{"rendered":"<p>Soferne man mich noch nicht kennt, m\u00f6chte ich mich nachfolgend, mit ein paar Worten vorstellen.Geboren 1949 in Klagenfurt, K\u00e4rnten. Noch vor Besuch der Volksschule ist unsere Familie wieder nach Wien gezogen. Hier habe ich die Volks-, sowie Realschule, mit Abschluss Matura, absolviert.In meinem Berufsleben war ich in f\u00fcnf Firmen, jeweils &hellip;<\/p>\n","protected":false},"author":1,"featured_media":0,"parent":0,"menu_order":0,"comment_status":"closed","ping_status":"closed","template":"","meta":{"footnotes":""},"class_list":["post-6","page","type-page","status-publish","hentry"],"_links":{"self":[{"href":"https:\/\/imkerwilli.reigl.at\/index.php\/wp-json\/wp\/v2\/pages\/6","targetHints":{"allow":["GET"]}}],"collection":[{"href":"https:\/\/imkerwilli.reigl.at\/index.php\/wp-json\/wp\/v2\/pages"}],"about":[{"href":"https:\/\/imkerwilli.reigl.at\/index.php\/wp-json\/wp\/v2\/types\/page"}],"author":[{"embeddable":true,"href":"https:\/\/imkerwilli.reigl.at\/index.php\/wp-json\/wp\/v2\/users\/1"}],"replies":[{"embeddable":true,"href":"https:\/\/imkerwilli.reigl.at\/index.php\/wp-json\/wp\/v2\/comments?post=6"}],"version-history":[{"count":34,"href":"https:\/\/imkerwilli.reigl.at\/index.php\/wp-json\/wp\/v2\/pages\/6\/revisions"}],"predecessor-version":[{"id":1425,"href":"https:\/\/imkerwilli.reigl.at\/index.php\/wp-json\/wp\/v2\/pages\/6\/revisions\/1425"}],"wp:attachment":[{"href":"https:\/\/imkerwilli.reigl.at\/index.php\/wp-json\/wp\/v2\/media?parent=6"}],"curies":[{"name":"wp","href":"https:\/\/api.w.org\/{rel}","templated":true}]}}