{"id":1300,"date":"2025-01-22T17:47:40","date_gmt":"2025-01-22T16:47:40","guid":{"rendered":"https:\/\/imkerwilli.reigl.at\/?page_id=1300"},"modified":"2025-01-23T14:28:23","modified_gmt":"2025-01-23T13:28:23","slug":"imkerschule-neu","status":"publish","type":"page","link":"https:\/\/imkerwilli.reigl.at\/index.php\/imkerschule-neu\/","title":{"rendered":"Imkerschule NEU"},"content":{"rendered":"\t\t<div data-elementor-type=\"wp-page\" data-elementor-id=\"1300\" class=\"elementor elementor-1300\">\n\t\t\t\t<div class=\"elementor-element elementor-element-546155a e-flex e-con-boxed e-con e-parent\" data-id=\"546155a\" data-element_type=\"container\" data-e-type=\"container\">\n\t\t\t\t\t<div class=\"e-con-inner\">\n\t\t\t\t<div class=\"elementor-element elementor-element-f1cc566 elementor-widget elementor-widget-text-editor\" data-id=\"f1cc566\" data-element_type=\"widget\" data-e-type=\"widget\" data-widget_type=\"text-editor.default\">\n\t\t\t\t<div class=\"elementor-widget-container\">\n\t\t\t\t\t\t\t\t\t<p>Last but not least m\u00f6chte ich hier noch ganz kurz \u00fcber die Neuerrichtung der <em>&#8218;Imkerschule Wien&#8216;<\/em>, im Donaupark ein paar Worte verlieren.<br \/>Nur ein paar Worte? &#8211; F\u00fcr mich war dies eigentlich ein <em>&#8218;Highlight&#8216;,<\/em> in meiner Zeit als Imker.<br \/>1964 wurde die<em> &#8218;WIG 64&#8216;<\/em> (Wiener Internationale Gartenausstellung 1964), der heutige<em> &#8218;Donaupark&#8216;, <\/em>er\u00f6ffnet. Schon seit damals befindet sich die <em>&#8218;Imkerschule Wien&#8216;<\/em> im Donaupark und dies bis 2016 so gut wie unver\u00e4ndert. Der<em> &#8218;Zahn der Zeit&#8216;<\/em> hatte schon ordentlich an ihr genagt. Dem neuen Pr\u00e4sidenten des <em>&#8218;LV f\u00fcr Bienenzucht in Wien&#8216;<\/em>, Albert, verdanken wir den schon l\u00e4ngst \u00fcberf\u00e4lligen Neubau der<em> &#8218;Wiener Imkerschule&#8216;.<\/em><br \/>Ende 2016 wurde ger\u00e4umt &#8211; von J\u00e4nner bis April 2017 wurde abgerissen und gebaut.<br \/>Fast jeden Tag sind Albert und ich, im Schnee und K\u00e4lte auf der Baustelle gestanden. Albert um den Bauvorgang zu \u00fcberwachen &#8211; ich, um den Baufortschritt zu dokumentieren.<br \/>Es war beeindruckend diesen Bau wachsen zu sehen. Ein <em>&#8218;Schmuckst\u00fcck&#8216;<\/em> f\u00fcr die <em>&#8218;Wiener Imkerschaft&#8216;<\/em> ist hier entstanden.<\/p>\t\t\t\t\t\t\t\t<\/div>\n\t\t\t\t<\/div>\n\t\t\t\t\t<\/div>\n\t\t\t\t<\/div>\n\t\t<div class=\"elementor-element elementor-element-00bceb8 e-flex e-con-boxed e-con e-parent\" data-id=\"00bceb8\" data-element_type=\"container\" data-e-type=\"container\">\n\t\t\t\t\t<div class=\"e-con-inner\">\n\t\t\t\t<div class=\"elementor-element elementor-element-52dcf25 elementor-widget elementor-widget-text-editor\" data-id=\"52dcf25\" data-element_type=\"widget\" data-e-type=\"widget\" data-widget_type=\"text-editor.default\">\n\t\t\t\t<div class=\"elementor-widget-container\">\n\t\t\t\t\t\t\t\t\t<h6>Aus alt wird neu<\/h6>\t\t\t\t\t\t\t\t<\/div>\n\t\t\t\t<\/div>\n\t\t\t\t\t<\/div>\n\t\t\t\t<\/div>\n\t\t<div class=\"elementor-element elementor-element-28cf384 e-flex e-con-boxed e-con e-parent\" data-id=\"28cf384\" data-element_type=\"container\" data-e-type=\"container\">\n\t\t\t\t\t<div class=\"e-con-inner\">\n\t\t<div class=\"elementor-element elementor-element-2918761 e-con-full e-flex e-con e-child\" data-id=\"2918761\" data-element_type=\"container\" data-e-type=\"container\">\n\t\t\t\t<div class=\"elementor-element elementor-element-dd8aca0 elementor-widget elementor-widget-image\" data-id=\"dd8aca0\" data-element_type=\"widget\" data-e-type=\"widget\" data-widget_type=\"image.default\">\n\t\t\t\t<div class=\"elementor-widget-container\">\n\t\t\t\t\t\t\t\t\t\t\t\t<figure class=\"wp-caption\">\n\t\t\t\t\t\t\t\t\t\t\t<a href=\"https:\/\/imkerwilli.reigl.at\/wp-content\/uploads\/2025\/01\/03_november-2016.jpg\" data-elementor-open-lightbox=\"yes\" data-elementor-lightbox-title=\"November 2016 - Frontansicht der &#039;Imkerschule Wien&#039;\" data-e-action-hash=\"#elementor-action%3Aaction%3Dlightbox%26settings%3DeyJpZCI6MTMzNiwidXJsIjoiaHR0cHM6XC9cL2lta2Vyd2lsbGkucmVpZ2wuYXRcL3dwLWNvbnRlbnRcL3VwbG9hZHNcLzIwMjVcLzAxXC8wM19ub3ZlbWJlci0yMDE2LmpwZyJ9\">\n\t\t\t\t\t\t\t<img fetchpriority=\"high\" decoding=\"async\" width=\"512\" height=\"350\" src=\"https:\/\/imkerwilli.reigl.at\/wp-content\/uploads\/2025\/01\/03_november-2016-512x350.jpg\" class=\"attachment-kahuna-featured-third size-kahuna-featured-third wp-image-1336\" alt=\"\" \/>\t\t\t\t\t\t\t\t<\/a>\n\t\t\t\t\t\t\t\t\t\t\t<figcaption class=\"widget-image-caption wp-caption-text\">November 2016 - Frontansicht<\/figcaption>\n\t\t\t\t\t\t\t\t\t\t<\/figure>\n\t\t\t\t\t\t\t\t\t<\/div>\n\t\t\t\t<\/div>\n\t\t\t\t<\/div>\n\t\t<div class=\"elementor-element elementor-element-2324f1d e-con-full e-flex e-con e-child\" data-id=\"2324f1d\" data-element_type=\"container\" data-e-type=\"container\">\n\t\t\t\t<div class=\"elementor-element elementor-element-a9ca2ae elementor-widget elementor-widget-image\" data-id=\"a9ca2ae\" data-element_type=\"widget\" data-e-type=\"widget\" data-widget_type=\"image.default\">\n\t\t\t\t<div class=\"elementor-widget-container\">\n\t\t\t\t\t\t\t\t\t\t\t\t<figure class=\"wp-caption\">\n\t\t\t\t\t\t\t\t\t\t\t<a href=\"https:\/\/imkerwilli.reigl.at\/wp-content\/uploads\/2025\/01\/04_april-2017.jpg\" data-elementor-open-lightbox=\"yes\" data-elementor-lightbox-title=\"April 2017 - Frontansicht der &#039;Imkerschule Wien&#039;\" data-e-action-hash=\"#elementor-action%3Aaction%3Dlightbox%26settings%3DeyJpZCI6MTMzNywidXJsIjoiaHR0cHM6XC9cL2lta2Vyd2lsbGkucmVpZ2wuYXRcL3dwLWNvbnRlbnRcL3VwbG9hZHNcLzIwMjVcLzAxXC8wNF9hcHJpbC0yMDE3LmpwZyJ9\">\n\t\t\t\t\t\t\t<img decoding=\"async\" width=\"512\" height=\"350\" src=\"https:\/\/imkerwilli.reigl.at\/wp-content\/uploads\/2025\/01\/04_april-2017-512x350.jpg\" class=\"attachment-kahuna-featured-third size-kahuna-featured-third wp-image-1337\" alt=\"\" \/>\t\t\t\t\t\t\t\t<\/a>\n\t\t\t\t\t\t\t\t\t\t\t<figcaption class=\"widget-image-caption wp-caption-text\">April 2017 - Frontansicht<\/figcaption>\n\t\t\t\t\t\t\t\t\t\t<\/figure>\n\t\t\t\t\t\t\t\t\t<\/div>\n\t\t\t\t<\/div>\n\t\t\t\t<\/div>\n\t\t\t\t\t<\/div>\n\t\t\t\t<\/div>\n\t\t<div class=\"elementor-element elementor-element-9e098e9 e-flex e-con-boxed e-con e-parent\" data-id=\"9e098e9\" data-element_type=\"container\" data-e-type=\"container\">\n\t\t\t\t\t<div class=\"e-con-inner\">\n\t\t<div class=\"elementor-element elementor-element-066b9c4 e-con-full e-flex e-con e-child\" data-id=\"066b9c4\" data-element_type=\"container\" data-e-type=\"container\">\n\t\t\t\t<div class=\"elementor-element elementor-element-8516a17 elementor-widget elementor-widget-image\" data-id=\"8516a17\" data-element_type=\"widget\" data-e-type=\"widget\" data-widget_type=\"image.default\">\n\t\t\t\t<div class=\"elementor-widget-container\">\n\t\t\t\t\t\t\t\t\t\t\t\t<figure class=\"wp-caption\">\n\t\t\t\t\t\t\t\t\t\t\t<a href=\"https:\/\/imkerwilli.reigl.at\/wp-content\/uploads\/2025\/01\/01_november-2016.jpg\" data-elementor-open-lightbox=\"yes\" data-elementor-lightbox-title=\"November 2016 - Schriftzug der &#039;Imkerschule Wien&#039;\" data-e-action-hash=\"#elementor-action%3Aaction%3Dlightbox%26settings%3DeyJpZCI6MTMzNCwidXJsIjoiaHR0cHM6XC9cL2lta2Vyd2lsbGkucmVpZ2wuYXRcL3dwLWNvbnRlbnRcL3VwbG9hZHNcLzIwMjVcLzAxXC8wMV9ub3ZlbWJlci0yMDE2LmpwZyJ9\">\n\t\t\t\t\t\t\t<img decoding=\"async\" width=\"512\" height=\"350\" src=\"https:\/\/imkerwilli.reigl.at\/wp-content\/uploads\/2025\/01\/01_november-2016-512x350.jpg\" class=\"attachment-kahuna-featured-third size-kahuna-featured-third wp-image-1334\" alt=\"\" \/>\t\t\t\t\t\t\t\t<\/a>\n\t\t\t\t\t\t\t\t\t\t\t<figcaption class=\"widget-image-caption wp-caption-text\">November 2016 - Schriftzug<\/figcaption>\n\t\t\t\t\t\t\t\t\t\t<\/figure>\n\t\t\t\t\t\t\t\t\t<\/div>\n\t\t\t\t<\/div>\n\t\t\t\t<\/div>\n\t\t<div class=\"elementor-element elementor-element-1d7bbb2 e-con-full e-flex e-con e-child\" data-id=\"1d7bbb2\" data-element_type=\"container\" data-e-type=\"container\">\n\t\t\t\t<div class=\"elementor-element elementor-element-a94b883 elementor-widget elementor-widget-image\" data-id=\"a94b883\" data-element_type=\"widget\" data-e-type=\"widget\" data-widget_type=\"image.default\">\n\t\t\t\t<div class=\"elementor-widget-container\">\n\t\t\t\t\t\t\t\t\t\t\t\t<figure class=\"wp-caption\">\n\t\t\t\t\t\t\t\t\t\t\t<a href=\"https:\/\/imkerwilli.reigl.at\/wp-content\/uploads\/2025\/01\/02_maerz-2017.jpg\" data-elementor-open-lightbox=\"yes\" data-elementor-lightbox-title=\"M\u00e4rz 2017 - Schriftzug der &#039;Imkerschule Wien&#039; - GERETTET\" data-e-action-hash=\"#elementor-action%3Aaction%3Dlightbox%26settings%3DeyJpZCI6MTMzNSwidXJsIjoiaHR0cHM6XC9cL2lta2Vyd2lsbGkucmVpZ2wuYXRcL3dwLWNvbnRlbnRcL3VwbG9hZHNcLzIwMjVcLzAxXC8wMl9tYWVyei0yMDE3LmpwZyJ9\">\n\t\t\t\t\t\t\t<img loading=\"lazy\" decoding=\"async\" width=\"512\" height=\"350\" src=\"https:\/\/imkerwilli.reigl.at\/wp-content\/uploads\/2025\/01\/02_maerz-2017-512x350.jpg\" class=\"attachment-kahuna-featured-third size-kahuna-featured-third wp-image-1335\" alt=\"\" \/>\t\t\t\t\t\t\t\t<\/a>\n\t\t\t\t\t\t\t\t\t\t\t<figcaption class=\"widget-image-caption wp-caption-text\">M\u00e4rz 2017 - Schriftzug gerettet<\/figcaption>\n\t\t\t\t\t\t\t\t\t\t<\/figure>\n\t\t\t\t\t\t\t\t\t<\/div>\n\t\t\t\t<\/div>\n\t\t\t\t<\/div>\n\t\t\t\t\t<\/div>\n\t\t\t\t<\/div>\n\t\t<div class=\"elementor-element elementor-element-c15e428 e-flex e-con-boxed e-con e-parent\" data-id=\"c15e428\" data-element_type=\"container\" data-e-type=\"container\">\n\t\t\t\t\t<div class=\"e-con-inner\">\n\t\t<div class=\"elementor-element elementor-element-d9d3ab0 e-con-full e-flex e-con e-child\" data-id=\"d9d3ab0\" data-element_type=\"container\" data-e-type=\"container\">\n\t\t\t\t<div class=\"elementor-element elementor-element-e2c56b0 elementor-widget elementor-widget-image\" data-id=\"e2c56b0\" data-element_type=\"widget\" data-e-type=\"widget\" data-widget_type=\"image.default\">\n\t\t\t\t<div class=\"elementor-widget-container\">\n\t\t\t\t\t\t\t\t\t\t\t\t<figure class=\"wp-caption\">\n\t\t\t\t\t\t\t\t\t\t\t<a href=\"https:\/\/imkerwilli.reigl.at\/wp-content\/uploads\/2025\/01\/05_november-2016.jpg\" data-elementor-open-lightbox=\"yes\" data-elementor-lightbox-title=\"November 2016 -R\u00fcckseite der &#039;Imkerschule Wien&#039;\" data-e-action-hash=\"#elementor-action%3Aaction%3Dlightbox%26settings%3DeyJpZCI6MTMzOCwidXJsIjoiaHR0cHM6XC9cL2lta2Vyd2lsbGkucmVpZ2wuYXRcL3dwLWNvbnRlbnRcL3VwbG9hZHNcLzIwMjVcLzAxXC8wNV9ub3ZlbWJlci0yMDE2LmpwZyJ9\">\n\t\t\t\t\t\t\t<img loading=\"lazy\" decoding=\"async\" width=\"512\" height=\"350\" src=\"https:\/\/imkerwilli.reigl.at\/wp-content\/uploads\/2025\/01\/05_november-2016-512x350.jpg\" class=\"attachment-kahuna-featured-third size-kahuna-featured-third wp-image-1338\" alt=\"\" \/>\t\t\t\t\t\t\t\t<\/a>\n\t\t\t\t\t\t\t\t\t\t\t<figcaption class=\"widget-image-caption wp-caption-text\">November 2016 - R\u00fcckansicht<\/figcaption>\n\t\t\t\t\t\t\t\t\t\t<\/figure>\n\t\t\t\t\t\t\t\t\t<\/div>\n\t\t\t\t<\/div>\n\t\t\t\t<\/div>\n\t\t<div class=\"elementor-element elementor-element-df994f2 e-con-full e-flex e-con e-child\" data-id=\"df994f2\" data-element_type=\"container\" data-e-type=\"container\">\n\t\t\t\t<div class=\"elementor-element elementor-element-62dcbfc elementor-widget elementor-widget-image\" data-id=\"62dcbfc\" data-element_type=\"widget\" data-e-type=\"widget\" data-widget_type=\"image.default\">\n\t\t\t\t<div class=\"elementor-widget-container\">\n\t\t\t\t\t\t\t\t\t\t\t\t<figure class=\"wp-caption\">\n\t\t\t\t\t\t\t\t\t\t\t<a href=\"https:\/\/imkerwilli.reigl.at\/wp-content\/uploads\/2025\/01\/06_mai-2017.jpg\" data-elementor-open-lightbox=\"yes\" data-elementor-lightbox-title=\"Mai 2017 -R\u00fcckseite der &#039;Imkerschule Wien&#039;\" data-e-action-hash=\"#elementor-action%3Aaction%3Dlightbox%26settings%3DeyJpZCI6MTMzOSwidXJsIjoiaHR0cHM6XC9cL2lta2Vyd2lsbGkucmVpZ2wuYXRcL3dwLWNvbnRlbnRcL3VwbG9hZHNcLzIwMjVcLzAxXC8wNl9tYWktMjAxNy5qcGcifQ%3D%3D\">\n\t\t\t\t\t\t\t<img loading=\"lazy\" decoding=\"async\" width=\"512\" height=\"350\" src=\"https:\/\/imkerwilli.reigl.at\/wp-content\/uploads\/2025\/01\/06_mai-2017-512x350.jpg\" class=\"attachment-kahuna-featured-third size-kahuna-featured-third wp-image-1339\" alt=\"\" \/>\t\t\t\t\t\t\t\t<\/a>\n\t\t\t\t\t\t\t\t\t\t\t<figcaption class=\"widget-image-caption wp-caption-text\">Mai 2017 - R\u00fcckansicht<\/figcaption>\n\t\t\t\t\t\t\t\t\t\t<\/figure>\n\t\t\t\t\t\t\t\t\t<\/div>\n\t\t\t\t<\/div>\n\t\t\t\t<\/div>\n\t\t\t\t\t<\/div>\n\t\t\t\t<\/div>\n\t\t<div class=\"elementor-element elementor-element-a8f7b90 e-flex e-con-boxed e-con e-parent\" data-id=\"a8f7b90\" data-element_type=\"container\" data-e-type=\"container\">\n\t\t\t\t\t<div class=\"e-con-inner\">\n\t\t<div class=\"elementor-element elementor-element-4f534cc e-con-full e-flex e-con e-child\" data-id=\"4f534cc\" data-element_type=\"container\" data-e-type=\"container\">\n\t\t\t\t<div class=\"elementor-element elementor-element-81e85f8 elementor-widget elementor-widget-image\" data-id=\"81e85f8\" data-element_type=\"widget\" data-e-type=\"widget\" data-widget_type=\"image.default\">\n\t\t\t\t<div class=\"elementor-widget-container\">\n\t\t\t\t\t\t\t\t\t\t\t\t<figure class=\"wp-caption\">\n\t\t\t\t\t\t\t\t\t\t\t<a href=\"https:\/\/imkerwilli.reigl.at\/wp-content\/uploads\/2025\/01\/07_november-2016.jpg\" data-elementor-open-lightbox=\"yes\" data-elementor-lightbox-title=\"November 2016 - &#039;Lagerh\u00fctte&#039; im Garten\" data-e-action-hash=\"#elementor-action%3Aaction%3Dlightbox%26settings%3DeyJpZCI6MTM0MCwidXJsIjoiaHR0cHM6XC9cL2lta2Vyd2lsbGkucmVpZ2wuYXRcL3dwLWNvbnRlbnRcL3VwbG9hZHNcLzIwMjVcLzAxXC8wN19ub3ZlbWJlci0yMDE2LmpwZyJ9\">\n\t\t\t\t\t\t\t<img loading=\"lazy\" decoding=\"async\" width=\"512\" height=\"350\" src=\"https:\/\/imkerwilli.reigl.at\/wp-content\/uploads\/2025\/01\/07_november-2016-512x350.jpg\" class=\"attachment-kahuna-featured-third size-kahuna-featured-third wp-image-1340\" alt=\"\" \/>\t\t\t\t\t\t\t\t<\/a>\n\t\t\t\t\t\t\t\t\t\t\t<figcaption class=\"widget-image-caption wp-caption-text\">November 2016 - ohne Worte<\/figcaption>\n\t\t\t\t\t\t\t\t\t\t<\/figure>\n\t\t\t\t\t\t\t\t\t<\/div>\n\t\t\t\t<\/div>\n\t\t\t\t<\/div>\n\t\t<div class=\"elementor-element elementor-element-284a5b2 e-con-full e-flex e-con e-child\" data-id=\"284a5b2\" data-element_type=\"container\" data-e-type=\"container\">\n\t\t\t\t<div class=\"elementor-element elementor-element-8422a05 elementor-widget elementor-widget-image\" data-id=\"8422a05\" data-element_type=\"widget\" data-e-type=\"widget\" data-widget_type=\"image.default\">\n\t\t\t\t<div class=\"elementor-widget-container\">\n\t\t\t\t\t\t\t\t\t\t\t\t<figure class=\"wp-caption\">\n\t\t\t\t\t\t\t\t\t\t\t<a href=\"https:\/\/imkerwilli.reigl.at\/wp-content\/uploads\/2025\/01\/08_mai2017.jpg\" data-elementor-open-lightbox=\"yes\" data-elementor-lightbox-title=\"Mai 2017 - &#039;Lagerh\u00fctte&#039; im Garten\" data-e-action-hash=\"#elementor-action%3Aaction%3Dlightbox%26settings%3DeyJpZCI6MTM0MSwidXJsIjoiaHR0cHM6XC9cL2lta2Vyd2lsbGkucmVpZ2wuYXRcL3dwLWNvbnRlbnRcL3VwbG9hZHNcLzIwMjVcLzAxXC8wOF9tYWkyMDE3LmpwZyJ9\">\n\t\t\t\t\t\t\t<img loading=\"lazy\" decoding=\"async\" width=\"512\" height=\"350\" src=\"https:\/\/imkerwilli.reigl.at\/wp-content\/uploads\/2025\/01\/08_mai2017-512x350.jpg\" class=\"attachment-kahuna-featured-third size-kahuna-featured-third wp-image-1341\" alt=\"\" \/>\t\t\t\t\t\t\t\t<\/a>\n\t\t\t\t\t\t\t\t\t\t\t<figcaption class=\"widget-image-caption wp-caption-text\">Mai 2017 - versch\u00f6nert <\/figcaption>\n\t\t\t\t\t\t\t\t\t\t<\/figure>\n\t\t\t\t\t\t\t\t\t<\/div>\n\t\t\t\t<\/div>\n\t\t\t\t<\/div>\n\t\t\t\t\t<\/div>\n\t\t\t\t<\/div>\n\t\t<div class=\"elementor-element elementor-element-1e1291b e-flex e-con-boxed e-con e-parent\" data-id=\"1e1291b\" data-element_type=\"container\" data-e-type=\"container\">\n\t\t\t\t\t<div class=\"e-con-inner\">\n\t\t\t\t<div class=\"elementor-element elementor-element-c5fbd3e elementor-widget elementor-widget-text-editor\" data-id=\"c5fbd3e\" data-element_type=\"widget\" data-e-type=\"widget\" data-widget_type=\"text-editor.default\">\n\t\t\t\t<div class=\"elementor-widget-container\">\n\t\t\t\t\t\t\t\t\t<h6>9.9.2017 Offizielle Er\u00f6ffnungsfeier f\u00fcr uns Imker<\/h6>\t\t\t\t\t\t\t\t<\/div>\n\t\t\t\t<\/div>\n\t\t\t\t\t<\/div>\n\t\t\t\t<\/div>\n\t\t<div class=\"elementor-element elementor-element-0947cd3 e-flex e-con-boxed e-con e-parent\" data-id=\"0947cd3\" data-element_type=\"container\" data-e-type=\"container\">\n\t\t\t\t\t<div class=\"e-con-inner\">\n\t\t\t\t<div class=\"elementor-element elementor-element-620bdb4 elementor-widget elementor-widget-shortcode\" data-id=\"620bdb4\" data-element_type=\"widget\" data-e-type=\"widget\" data-widget_type=\"shortcode.default\">\n\t\t\t\t<div class=\"elementor-widget-container\">\n\t\t\t\t\t\t\t<div class=\"elementor-shortcode\"><div class=\"rl-gallery-container rl-loading\" id=\"rl-gallery-container-1\" data-gallery_id=\"1363\"> <div class=\"rl-gallery rl-basicgrid-gallery \" id=\"rl-gallery-1\" data-gallery_no=\"1\"> <div class=\"rl-gallery-item\"><a href=\"https:\/\/imkerwilli.reigl.at\/wp-content\/uploads\/2025\/01\/20170909-Eroeffnung_1.jpg\" title=\"09-09-2017 &#8211; Offizielle Er\u00f6ffnungsfeier\" data-rl_title=\"09-09-2017 &#8211; Offizielle Er\u00f6ffnungsfeier\" class=\"rl-gallery-link\" data-rl_caption=\"\" data-rel=\"lightbox-gallery-1\"><img loading=\"lazy\" decoding=\"async\" src=\"https:\/\/imkerwilli.reigl.at\/wp-content\/uploads\/2025\/01\/20170909-Eroeffnung_1.jpg\" width=\"777\" height=\"518\" alt=\"\" \/><\/a><\/div><div class=\"rl-gallery-item\"><a href=\"https:\/\/imkerwilli.reigl.at\/wp-content\/uploads\/2025\/01\/20170909-Eroeffnung_3.jpg\" title=\"09-09-2017 &#8211; Offizielle Er\u00f6ffnungsfeier\" data-rl_title=\"09-09-2017 &#8211; Offizielle Er\u00f6ffnungsfeier\" class=\"rl-gallery-link\" data-rl_caption=\"\" data-rel=\"lightbox-gallery-1\"><img loading=\"lazy\" decoding=\"async\" src=\"https:\/\/imkerwilli.reigl.at\/wp-content\/uploads\/2025\/01\/20170909-Eroeffnung_3.jpg\" width=\"777\" height=\"518\" alt=\"\" \/><\/a><\/div><div class=\"rl-gallery-item\"><a href=\"https:\/\/imkerwilli.reigl.at\/wp-content\/uploads\/2025\/01\/20170909-Eroeffnung_2.jpg\" title=\"09-09-2017 &#8211; Offizielle Er\u00f6ffnungsfeier\" data-rl_title=\"09-09-2017 &#8211; Offizielle Er\u00f6ffnungsfeier\" class=\"rl-gallery-link\" data-rl_caption=\"\" data-rel=\"lightbox-gallery-1\"><img loading=\"lazy\" decoding=\"async\" src=\"https:\/\/imkerwilli.reigl.at\/wp-content\/uploads\/2025\/01\/20170909-Eroeffnung_2.jpg\" width=\"777\" height=\"583\" alt=\"\" \/><\/a><\/div><div class=\"rl-gallery-item\"><a href=\"https:\/\/imkerwilli.reigl.at\/wp-content\/uploads\/2025\/01\/Bild-02.jpg\" title=\"09-09-2017 &#8211; Offizielle Er\u00f6ffnungsfeier\" data-rl_title=\"09-09-2017 &#8211; Offizielle Er\u00f6ffnungsfeier\" class=\"rl-gallery-link\" data-rl_caption=\"\" data-rel=\"lightbox-gallery-1\"><img loading=\"lazy\" decoding=\"async\" src=\"https:\/\/imkerwilli.reigl.at\/wp-content\/uploads\/2025\/01\/Bild-02.jpg\" width=\"777\" height=\"518\" alt=\"\" \/><\/a><\/div><div class=\"rl-gallery-item\"><a href=\"https:\/\/imkerwilli.reigl.at\/wp-content\/uploads\/2025\/01\/20170909-Eroeffnung_6.jpg\" title=\"09-09-2017 &#8211; Offizielle Er\u00f6ffnungsfeier\" data-rl_title=\"09-09-2017 &#8211; Offizielle Er\u00f6ffnungsfeier\" class=\"rl-gallery-link\" data-rl_caption=\"\" data-rel=\"lightbox-gallery-1\"><img loading=\"lazy\" decoding=\"async\" src=\"https:\/\/imkerwilli.reigl.at\/wp-content\/uploads\/2025\/01\/20170909-Eroeffnung_6.jpg\" width=\"777\" height=\"518\" alt=\"\" \/><\/a><\/div><div class=\"rl-gallery-item\"><a href=\"https:\/\/imkerwilli.reigl.at\/wp-content\/uploads\/2025\/01\/Bild-07.jpg\" title=\"09-09-2017 &#8211; Offizielle Er\u00f6ffnungsfeier\" data-rl_title=\"09-09-2017 &#8211; Offizielle Er\u00f6ffnungsfeier\" class=\"rl-gallery-link\" data-rl_caption=\"\" data-rel=\"lightbox-gallery-1\"><img loading=\"lazy\" decoding=\"async\" src=\"https:\/\/imkerwilli.reigl.at\/wp-content\/uploads\/2025\/01\/Bild-07.jpg\" width=\"777\" height=\"518\" alt=\"\" \/><\/a><\/div><div class=\"rl-gallery-item\"><a href=\"https:\/\/imkerwilli.reigl.at\/wp-content\/uploads\/2025\/01\/Bild-12.jpg\" title=\"09-09-2017 &#8211; Offizielle Er\u00f6ffnungsfeier\" data-rl_title=\"09-09-2017 &#8211; Offizielle Er\u00f6ffnungsfeier\" class=\"rl-gallery-link\" data-rl_caption=\"\" data-rel=\"lightbox-gallery-1\"><img loading=\"lazy\" decoding=\"async\" src=\"https:\/\/imkerwilli.reigl.at\/wp-content\/uploads\/2025\/01\/Bild-12.jpg\" width=\"777\" height=\"583\" alt=\"\" \/><\/a><\/div><div class=\"rl-gallery-item\"><a href=\"https:\/\/imkerwilli.reigl.at\/wp-content\/uploads\/2025\/01\/Bild-08.jpg\" title=\"09-09-2017 &#8211; Offizielle Er\u00f6ffnungsfeier\" data-rl_title=\"09-09-2017 &#8211; Offizielle Er\u00f6ffnungsfeier\" class=\"rl-gallery-link\" data-rl_caption=\"\" data-rel=\"lightbox-gallery-1\"><img loading=\"lazy\" decoding=\"async\" src=\"https:\/\/imkerwilli.reigl.at\/wp-content\/uploads\/2025\/01\/Bild-08.jpg\" width=\"777\" height=\"518\" alt=\"\" \/><\/a><\/div><div class=\"rl-gallery-item\"><a href=\"https:\/\/imkerwilli.reigl.at\/wp-content\/uploads\/2025\/01\/Bild-09.jpg\" title=\"09-09-2017 &#8211; Offizielle Er\u00f6ffnungsfeier\" data-rl_title=\"09-09-2017 &#8211; Offizielle Er\u00f6ffnungsfeier\" class=\"rl-gallery-link\" data-rl_caption=\"\" data-rel=\"lightbox-gallery-1\"><img loading=\"lazy\" decoding=\"async\" src=\"https:\/\/imkerwilli.reigl.at\/wp-content\/uploads\/2025\/01\/Bild-09.jpg\" width=\"512\" height=\"768\" alt=\"\" \/><\/a><\/div><div class=\"rl-gallery-item\"><a href=\"https:\/\/imkerwilli.reigl.at\/wp-content\/uploads\/2025\/01\/Bild-11.jpg\" title=\"09-09-2017 &#8211; Offizielle Er\u00f6ffnungsfeier\" data-rl_title=\"09-09-2017 &#8211; Offizielle Er\u00f6ffnungsfeier\" class=\"rl-gallery-link\" data-rl_caption=\"\" data-rel=\"lightbox-gallery-1\"><img loading=\"lazy\" decoding=\"async\" src=\"https:\/\/imkerwilli.reigl.at\/wp-content\/uploads\/2025\/01\/Bild-11.jpg\" width=\"777\" height=\"583\" alt=\"\" \/><\/a><\/div><div class=\"rl-gallery-item\"><a href=\"https:\/\/imkerwilli.reigl.at\/wp-content\/uploads\/2025\/01\/Bild-06.jpg\" title=\"09-09-2017 &#8211; Offizielle Er\u00f6ffnungsfeier\" data-rl_title=\"09-09-2017 &#8211; Offizielle Er\u00f6ffnungsfeier\" class=\"rl-gallery-link\" data-rl_caption=\"\" data-rel=\"lightbox-gallery-1\"><img loading=\"lazy\" decoding=\"async\" src=\"https:\/\/imkerwilli.reigl.at\/wp-content\/uploads\/2025\/01\/Bild-06.jpg\" width=\"777\" height=\"518\" alt=\"\" \/><\/a><\/div><div class=\"rl-gallery-item\"><a href=\"https:\/\/imkerwilli.reigl.at\/wp-content\/uploads\/2025\/01\/Bild-15.jpg\" title=\"09-09-2017 &#8211; Offizielle Er\u00f6ffnungsfeier\" data-rl_title=\"09-09-2017 &#8211; Offizielle Er\u00f6ffnungsfeier\" class=\"rl-gallery-link\" data-rl_caption=\"\" data-rel=\"lightbox-gallery-1\"><img loading=\"lazy\" decoding=\"async\" src=\"https:\/\/imkerwilli.reigl.at\/wp-content\/uploads\/2025\/01\/Bild-15.jpg\" width=\"512\" height=\"768\" alt=\"\" \/><\/a><\/div> <\/div> <\/div><\/div>\n\t\t\t\t\t\t<\/div>\n\t\t\t\t<\/div>\n\t\t\t\t\t<\/div>\n\t\t\t\t<\/div>\n\t\t\t\t<\/div>\n\t\t","protected":false},"excerpt":{"rendered":"<p>Last but not least m\u00f6chte ich hier noch ganz kurz \u00fcber die Neuerrichtung der &#8218;Imkerschule Wien&#8216;, im Donaupark ein paar Worte verlieren.Nur ein paar Worte? &#8211; F\u00fcr mich war dies eigentlich ein &#8218;Highlight&#8216;, in meiner Zeit als Imker.1964 wurde die &#8218;WIG 64&#8216; (Wiener Internationale Gartenausstellung 1964), der heutige &#8218;Donaupark&#8216;, er\u00f6ffnet. &hellip;<\/p>\n","protected":false},"author":1,"featured_media":0,"parent":0,"menu_order":0,"comment_status":"closed","ping_status":"closed","template":"","meta":{"footnotes":""},"class_list":["post-1300","page","type-page","status-publish","hentry"],"_links":{"self":[{"href":"https:\/\/imkerwilli.reigl.at\/index.php\/wp-json\/wp\/v2\/pages\/1300","targetHints":{"allow":["GET"]}}],"collection":[{"href":"https:\/\/imkerwilli.reigl.at\/index.php\/wp-json\/wp\/v2\/pages"}],"about":[{"href":"https:\/\/imkerwilli.reigl.at\/index.php\/wp-json\/wp\/v2\/types\/page"}],"author":[{"embeddable":true,"href":"https:\/\/imkerwilli.reigl.at\/index.php\/wp-json\/wp\/v2\/users\/1"}],"replies":[{"embeddable":true,"href":"https:\/\/imkerwilli.reigl.at\/index.php\/wp-json\/wp\/v2\/comments?post=1300"}],"version-history":[{"count":28,"href":"https:\/\/imkerwilli.reigl.at\/index.php\/wp-json\/wp\/v2\/pages\/1300\/revisions"}],"predecessor-version":[{"id":1390,"href":"https:\/\/imkerwilli.reigl.at\/index.php\/wp-json\/wp\/v2\/pages\/1300\/revisions\/1390"}],"wp:attachment":[{"href":"https:\/\/imkerwilli.reigl.at\/index.php\/wp-json\/wp\/v2\/media?parent=1300"}],"curies":[{"name":"wp","href":"https:\/\/api.w.org\/{rel}","templated":true}]}}