{"id":10,"date":"2024-12-14T08:57:31","date_gmt":"2024-12-14T07:57:31","guid":{"rendered":"https:\/\/imkerwilli.reigl.at\/?page_id=10"},"modified":"2025-01-22T17:50:26","modified_gmt":"2025-01-22T16:50:26","slug":"ehrenamtliche-taetigkeit","status":"publish","type":"page","link":"https:\/\/imkerwilli.reigl.at\/index.php\/ehrenamtliche-taetigkeit\/","title":{"rendered":"In Gemeinschaft"},"content":{"rendered":"\t\t<div data-elementor-type=\"wp-page\" data-elementor-id=\"10\" class=\"elementor elementor-10\">\n\t\t\t\t<div class=\"elementor-element elementor-element-8d718a1 e-flex e-con-boxed e-con e-parent\" data-id=\"8d718a1\" data-element_type=\"container\" data-e-type=\"container\">\n\t\t\t\t\t<div class=\"e-con-inner\">\n\t\t\t\t<div class=\"elementor-element elementor-element-ac66a71 elementor-widget elementor-widget-text-editor\" data-id=\"ac66a71\" data-element_type=\"widget\" data-e-type=\"widget\" data-widget_type=\"text-editor.default\">\n\t\t\t\t<div class=\"elementor-widget-container\">\n\t\t\t\t\t\t\t\t\t<p>Mit der Unterst\u00fctzung von Hans, habe ich mit der Imkerei begonnen und bin zugleich auch dem Imkerverein<em> &#8218;Ortsgruppe III&#8216;<\/em> (sp\u00e4ter: <em>&#8218;Imkerinnen und Imker Wien-West&#8216;<\/em>) beigetreten. Bis auf eine Unterbrechung, meiner Mitgliedschaft, f\u00fcr vier Jahre, bin ich noch bis heute in diesem Verein Mitglied. Die Unterbrechung der Mitgliedschaft war auf Grund der Statuten des <em>&#8218;Landesverband f\u00fcr Bienenzucht in Wien&#8216;<\/em> notwendig, um in dessen Vorstand mitarbeiten zu k\u00f6nnen. In diesen vier Jahren war ich Mitglied in der<em> &#8218;Ortsgruppe VIII&#8216;<\/em> (heute: &#8218;Bienenzuchtverein Rodaun&#8216;).<\/p><p><span style=\"text-decoration: underline;\">Nachfolgend die die<em> &#8218;Organisation&#8216;<\/em> der Imker in \u00d6sterreich:<\/span><\/p><p>Es gibt den<em> &#8218; \u00d6sterr. Erwerbsimkerbund&#8216;<\/em> (Interessensvertretung f\u00fcr Berufs- und Erwerbsimker), sowie den<em> &#8218;\u00d6sterr. Imkerbund&#8216;<\/em> (f\u00fcr <em>&#8218;Hobbyimker&#8216;<\/em>).<br \/>Der Dachverband dar\u00fcber ist die <em>&#8218;Biene \u00d6sterreich&#8216;<\/em> &#8211; Hauptaufgabe: Die F\u00f6rderung der Bienenwirtschaft und Imkerei.<\/p><p>Dem<em> &#8218;\u00d6sterr. Imkerbund&#8216;<\/em> (\u00d6IB) geh\u00f6ren die 9<em> &#8218;Landesverb\u00e4nde&#8216;<\/em> an.<br \/>Einer dieser 9<em> &#8218;Landesverb\u00e4nde&#8216;<\/em> ist der<em> &#8218;Landesverband f\u00fcr Bienenzucht in Wien<\/em>&#8218; mit 8 <em>&#8218;Bienenzuchtvereinen&#8216;.<\/em><\/p><p><span style=\"text-decoration: underline;\">Nachfolgend LINKS dazu:<\/span><\/p><ul><li><a href=\"https:\/\/www.biene-oesterreich.at\" target=\"_blank\" rel=\"noopener\">Biene \u00d6sterreich<\/a><\/li><li><a href=\"https:\/\/www.erwerbsimkerbund.at\/\" target=\"_blank\" rel=\"noopener\">\u00d6sterreichischer Erwerbsimkerbund<\/a><\/li><li><a href=\"https:\/\/www.imkerbund.at\/\" target=\"_blank\" rel=\"noopener\">\u00d6sterreichischer Imkerbund<\/a><\/li><li><a href=\"https:\/\/imker-wien.at\/\" target=\"_blank\" rel=\"noopener\">Landesverband f\u00fcr Bienenzucht in Wien<\/a><\/li><li><a href=\"https:\/\/www.imkerwienwest.at\/\" target=\"_blank\" rel=\"noopener\">Imkerinnen und Imker Wien-West<\/a><\/li><li><a href=\"https:\/\/www.bienenzuchtverein-rodaun.at\/\" target=\"_blank\" rel=\"noopener\">Bienenzuchtverein Rodaun<\/a><\/li><\/ul><p>In den Imkervereinen findest Du Gleichgesinnte, Imker mit Erfahrung, welche gerne bereit sind Dir zu helfen. <br \/>Nur durch eine Mitgliedschaft in einem der 8 Bienenzuchtvereine und beim Landesverband, bekommst Du F\u00f6rderungen aus dem <em>&#8218;EU-Topf&#8216;.<\/em><\/p><p>Ich habe mich in den Vereinen und dem Landesverband mit<em> &#8218;Ehrenamtlicher T\u00e4tigkeit&#8216;<\/em> eingebracht, um ihnen ein bisschen von dem, was ich von ihnen erhalten habe, wieder zur\u00fcckzugeben.<\/p>\t\t\t\t\t\t\t\t<\/div>\n\t\t\t\t<\/div>\n\t\t\t\t\t<\/div>\n\t\t\t\t<\/div>\n\t\t\t\t<\/div>\n\t\t","protected":false},"excerpt":{"rendered":"<p>Mit der Unterst\u00fctzung von Hans, habe ich mit der Imkerei begonnen und bin zugleich auch dem Imkerverein &#8218;Ortsgruppe III&#8216; (sp\u00e4ter: &#8218;Imkerinnen und Imker Wien-West&#8216;) beigetreten. Bis auf eine Unterbrechung, meiner Mitgliedschaft, f\u00fcr vier Jahre, bin ich noch bis heute in diesem Verein Mitglied. Die Unterbrechung der Mitgliedschaft war auf Grund &hellip;<\/p>\n","protected":false},"author":1,"featured_media":0,"parent":0,"menu_order":0,"comment_status":"closed","ping_status":"closed","template":"","meta":{"footnotes":""},"class_list":["post-10","page","type-page","status-publish","hentry"],"_links":{"self":[{"href":"https:\/\/imkerwilli.reigl.at\/index.php\/wp-json\/wp\/v2\/pages\/10","targetHints":{"allow":["GET"]}}],"collection":[{"href":"https:\/\/imkerwilli.reigl.at\/index.php\/wp-json\/wp\/v2\/pages"}],"about":[{"href":"https:\/\/imkerwilli.reigl.at\/index.php\/wp-json\/wp\/v2\/types\/page"}],"author":[{"embeddable":true,"href":"https:\/\/imkerwilli.reigl.at\/index.php\/wp-json\/wp\/v2\/users\/1"}],"replies":[{"embeddable":true,"href":"https:\/\/imkerwilli.reigl.at\/index.php\/wp-json\/wp\/v2\/comments?post=10"}],"version-history":[{"count":8,"href":"https:\/\/imkerwilli.reigl.at\/index.php\/wp-json\/wp\/v2\/pages\/10\/revisions"}],"predecessor-version":[{"id":402,"href":"https:\/\/imkerwilli.reigl.at\/index.php\/wp-json\/wp\/v2\/pages\/10\/revisions\/402"}],"wp:attachment":[{"href":"https:\/\/imkerwilli.reigl.at\/index.php\/wp-json\/wp\/v2\/media?parent=10"}],"curies":[{"name":"wp","href":"https:\/\/api.w.org\/{rel}","templated":true}]}}